{"id":1009,"date":"2021-11-15T11:51:50","date_gmt":"2021-11-15T10:51:50","guid":{"rendered":"https:\/\/radovi.sfsa.unsa.ba\/?page_id=1009"},"modified":"2025-10-03T10:40:47","modified_gmt":"2025-10-03T08:40:47","slug":"redakcija","status":"publish","type":"page","link":"https:\/\/radovi.sfsa.unsa.ba\/en\/redakcija\/","title":{"rendered":"Editorial board"},"content":{"rendered":"<div data-elementor-type=\"wp-page\" data-elementor-id=\"1009\" class=\"elementor elementor-1009\" data-elementor-post-type=\"page\">\n\t\t\t\t\t\t<section class=\"elementor-section elementor-top-section elementor-element elementor-element-d9e4c29 elementor-section-boxed elementor-section-height-default elementor-section-height-default\" data-id=\"d9e4c29\" data-element_type=\"section\">\n\t\t\t\t\t\t<div class=\"elementor-container elementor-column-gap-no\">\n\t\t\t\t\t<div class=\"elementor-column elementor-col-100 elementor-top-column elementor-element elementor-element-d9f286c\" data-id=\"d9f286c\" data-element_type=\"column\">\n\t\t\t<div class=\"elementor-widget-wrap elementor-element-populated\">\n\t\t\t\t\t\t<div class=\"elementor-element elementor-element-503b14a elementor-widget elementor-widget-shortcode\" data-id=\"503b14a\" data-element_type=\"widget\" data-widget_type=\"shortcode.default\">\n\t\t\t\t<div class=\"elementor-widget-container\">\n\t\t\t\t\t\t\t<div class=\"elementor-shortcode\"><nav aria-label=\"breadcrumbs\" class=\"rank-math-breadcrumb\"><p><span class=\"last\">Home page<\/span><\/p><\/nav><\/div>\n\t\t\t\t\t\t<\/div>\n\t\t\t\t<\/div>\n\t\t\t\t\t<\/div>\n\t\t<\/div>\n\t\t\t\t\t<\/div>\n\t\t<\/section>\n\t\t\t\t<section class=\"elementor-section elementor-top-section elementor-element elementor-element-e1075a8 elementor-section-boxed elementor-section-height-default elementor-section-height-default\" data-id=\"e1075a8\" data-element_type=\"section\">\n\t\t\t\t\t\t<div class=\"elementor-container elementor-column-gap-default\">\n\t\t\t\t\t<div class=\"elementor-column elementor-col-50 elementor-top-column elementor-element elementor-element-2223e66\" data-id=\"2223e66\" data-element_type=\"column\" data-settings=\"{&quot;background_background&quot;:&quot;classic&quot;}\">\n\t\t\t<div class=\"elementor-widget-wrap elementor-element-populated\">\n\t\t\t\t\t\t<div class=\"elementor-element elementor-element-ed8a545 elementor-widget elementor-widget-heading\" data-id=\"ed8a545\" data-element_type=\"widget\" data-widget_type=\"heading.default\">\n\t\t\t\t<div class=\"elementor-widget-container\">\n\t\t\t\t\t<h1 class=\"elementor-heading-title elementor-size-default\">Editorial board<\/h1>\t\t\t\t<\/div>\n\t\t\t\t<\/div>\n\t\t\t\t<div class=\"elementor-element elementor-element-d962000 elementor-widget elementor-widget-text-editor\" data-id=\"d962000\" data-element_type=\"widget\" data-widget_type=\"text-editor.default\">\n\t\t\t\t<div class=\"elementor-widget-container\">\n\t\t\t\t\t\t\t\t\t<h5><strong>Editor-in-Chief \/ Glavni urednik<\/strong><\/h5><p><strong>Prof.dr.\u00a0Admir Avdagi\u0107,\u00a0<\/strong>University of Sarajevo Faculty of Forestry, Bosnia and Herzegovina <a href=\"mailto:a.avdagic@sfsa.unsa.ba\">a.avdagic@sfsa.unsa.ba<\/a>,\u00a0<a style=\"background-color: #ffffff;\" href=\"https:\/\/orcid.org\/0000-0001-5866-6946\" target=\"_blank\" rel=\"noopener\">https:\/\/orcid.org\/0000-0001-5866-6946<\/a><\/p><h5><strong>Deputy Editor-in-Chief \/ Zamjenik glavnog urednika <\/strong><\/h5><p><strong>doc. dr. Jelena Kne\u017eevi\u0107,<\/strong> University of Sarajevo Faculty of Forestry, Bosnia and Herzegovina <a href=\"mailto:j.knezevic@sfsa.unsa.ba\">j.knezevic@sfsa.unsa.ba<\/a>, <a href=\"https:\/\/orcid.org\/0000-0001-5548-512X\" target=\"_blank\" rel=\"noopener\">https:\/\/orcid.org\/0000-0001-5548-512X<\/a><\/p><h5><strong>Technical Editor \/ Tehni\u010dki urednik <\/strong><\/h5><p><strong>Sa\u0161a Kunovac,<\/strong>\u00a0University of Sarajevo Faculty of Forestry, Bosnia and Herzegovina <a href=\"mailto:s.kunovac@sfsa.unsa.ba\">s.kunovac@sfsa.unsa.ba<\/a>,\u00a0 <a href=\"https:\/\/orcid.org\/0000-0002-0224-0564\" target=\"_blank\" rel=\"noopener\">https:\/\/orcid.org\/0000-0002-0224-0564<\/a><\/p><h5><strong>Chairman of Editorial Board \/ Predsjednik redakcionog odbora<\/strong><\/h5><p><span style=\"font-weight: bolder;\">Prof.dr. D\u017eenan Be\u0107irovi\u0107,<\/span>\u00a0Department of Economics, Policy and Organization of Forestry and Urban Greenery, University of Sarajevo Faculty of Forestry, Bosnia and Herzegovina\u00a0<a style=\"background-color: #ffffff;\" href=\"mailto:dz.becirovic@sfsa.unsa.ba\">dz.becirovic@sfsa.unsa.ba<\/a>,\u00a0<a style=\"background-color: #ffffff;\" href=\"https:\/\/orcid.org\/0000-0002-8722-2794\" target=\"_blank\" rel=\"noopener\">https:\/\/orcid.org\/0000-0002-8722-2794<\/a><\/p><h5><strong>Members of Editorial board from Faculty of Forestry University of Sarajevo \/<br \/>\u010clanovi redakcije \u0160umarskog fakulteta Univerziteta u Sarajevu\u00a0<\/strong><\/h5><p><strong>Prof. Besim Bali\u0107, Department of Forest management planning and urban greenery,\u00a0<\/strong>University of Sarajevo Faculty of Forestry, Bosnia and Herzegovina <a href=\"mailto:b.balic@sfsa.unsa.ba\">b.balic@sfsa.unsa.ba<\/a>, <a href=\"https:\/\/orcid.org\/0000-0003-1573-136X\" target=\"_blank\" rel=\"noopener\">https:\/\/orcid.org\/0000-0003-1573-136X<\/a><\/p><p><strong>Prof.dr.\u00a0 Emira Huki\u0107,<\/strong>\u00a0Department of Forest Ecology and Urban Greenery, University of Sarajevo Faculty of Forestry, Bosnia and Herzegovina <a href=\"mailto:e.hukic@sfsa.unsa.ba\">e.hukic@sfsa.unsa.ba<\/a>,\u00a0<a href=\"https:\/\/orcid.org\/0000-0002-5209-637X\" target=\"_blank\" rel=\"noopener\">https:\/\/orcid.org\/0000-0002-5209-637X<\/a><\/p><p><strong>Prof. Sead Ivojevi\u0107,<\/strong>\u00a0Department of Forest Silviculture and Urban Greenery , University of Sarajevo Faculty of Forestry, Bosnia and Herzegovina <a href=\"mailto:s.ivojevic@sfsa.unsa.ba\">s.ivojevic@sfsa.unsa.ba<\/a>, <a href=\"https:\/\/orcid.org\/0009-0006-1862-1851\" target=\"_blank\" rel=\"noopener\">https:\/\/orcid.org\/0009-0006-1862-1851<\/a><\/p><p><strong>Prof.dr. Dino Had\u017eidervi\u0161agi\u0107,<\/strong>\u00a0Chair for forest exploitation, design and construction in forestry and horticulture, University of Sarajevo Faculty of Forestry, Bosnia and Herzegovina <a href=\"mailto:d.hadzidervisagic@sfsa.unsa.ba\">d.hadzidervisagic@sfsa.unsa.ba<\/a>, <a href=\"https:\/\/orcid.org\/0000-0002-4476-3873\" target=\"_blank\" rel=\"noopener\">https:\/\/orcid.org\/0000-0002-4476-3873<\/a><\/p><div><p><strong style=\"color: var( --e-global-color-text );\">Prof. Tarik Tre\u0161ti\u0107,<\/strong><span style=\"color: var( --e-global-color-text );\">\u00a0Chair for the protection of forests and urban greenery and hunting management, University of Sarajevo Faculty of Forestry, Bosnia and Herzegovina <\/span><a style=\"background-color: #ffffff;\" href=\"mailto:t.trestic@sfsa.unsa.ba\">t.trestic@sfsa.unsa.ba<\/a><span style=\"color: var( --e-global-color-text );\">, <\/span><a style=\"background-color: #ffffff;\" href=\"https:\/\/orcid.org\/0000-0003-0554-0033\" target=\"_blank\" rel=\"noopener\">https:\/\/orcid.org\/0000-0003-0554-0033<\/a><\/p><p><span style=\"font-family: 'Aptos',sans-serif; mso-fareast-font-family: 'Times New Roman'; color: black;\"><strong>P<\/strong><b>rof.dr. Mersudin Avdibegovi\u0107<\/b>, Department of Economics, Policy and Organization of Forestry and Urban Greenery, University of Sarajevo Faculty of Forestry, Bosnia and Herzegovina, <\/span><u><span style=\"font-family: 'Aptos',sans-serif; mso-fareast-font-family: 'Times New Roman'; color: #0563c1;\"><a href=\"mailto:m.avdibegovic@sfsa.unsa.ba\"><span style=\"color: #0563c1;\">m.avdibegovic@sfsa.unsa.ba<\/span><\/a><\/span><\/u><span style=\"font-family: 'Aptos',sans-serif; mso-fareast-font-family: 'Times New Roman'; color: black;\">, <a href=\"https:\/\/orcid.org\/0000-0001-7705-5702\" target=\"_blank\" rel=\"noopener\">https:\/\/orcid.org\/0000-0001-7705-5702<\/a><\/span><\/p><h5><strong>External members of Editorial board \/ Eksterni \u010dlanovi redakcionog odbora <br \/>\u00a0<\/strong><\/h5><p><strong>Dr. Abdullah Emin Akay<\/strong>, Professor, Forest Engineering Department, Technical University Bursa, Turkey <a href=\"mailto:abdullah.akay@btu.edu.tr\">abdullah.akay@btu.edu.tr<\/a>, <a href=\"https:\/\/orcid.org\/0000-0001-6558-9029\" target=\"_blank\" rel=\"noopener\">https:\/\/orcid.org\/0000-0001-6558-9029<\/a><\/p><p><strong>Dr. Matev\u017e Miheli\u0107<\/strong>, Oddelek za gozdarstvo in obnovljive gozdne vire \/ Department of Forestry and Renewable Forest Resources, Biotehni\u0161ka fakulteta \/ Biotechnical Faculty, Ve\u010dna pot 83, Sl-1000 Ljubljana, Slovenija \/ Slovenia <a href=\"mailto:matevz.mihelic@bf.uni-lj.si\">matevz.mihelic@bf.uni-lj.si<\/a>, <a href=\"https:\/\/orcid.org\/0000-0003-0306-9014\" target=\"_blank\" rel=\"noopener\">https:\/\/orcid.org\/0000-0003-0306-9014<\/a><\/p><p><strong>Dr. Mohammad-Reza Ghaffariyan<\/strong>, AFORA\/Forest Research Institute, University of the Sunshine Coast Locked Bag 4, Maroochydore DC, Queensland, 4558 Australia <a href=\"mailto:mghaffar@usc.edu.au\">mghaffar@usc.edu.au<\/a>, <a href=\"https:\/\/orcid.org\/0000-0003-2429-3605\" target=\"_blank\" rel=\"noopener\">https:\/\/orcid.org\/0000-0003-2429-3605<\/a><\/p><p><strong>Dr. Ratko Risti\u0107<\/strong>, Professor, Odsek za vodoprivredu erozionih podru\u010dja, \u0160umarski fakultet Univerziteta u Beogradu, Srbija \/Faculty of Forestry University of Belgrade, Serbia <a href=\"mailto:ratko.ristic@sfb.bg.ac.rs\">ratko.ristic@sfb.bg.ac.rs<\/a>, <a href=\"https:\/\/orcid.org\/0000-0001-6817-2800\" target=\"_blank\" rel=\"noopener\">https:\/\/orcid.org\/0000-0001-6817-2800<\/a><\/p><p><strong>Dr. Marija Markovic<\/strong>, Professor, \u0160umarski fakultet Univerziteta u Beogradu Srbija \/ Faculty of Forestry University of Belgrade, Serbia <a href=\"mailto:marija.markovic@sfb.bg.ac.rs\">marija.markovic@sfb.bg.ac.rs<\/a>, <a href=\"https:\/\/orcid.org\/0000-0002-6070-6844\" target=\"_blank\" rel=\"noopener\">https:\/\/orcid.org\/0000-0002-6070-6844<\/a><\/p><p><strong>Prof.dr. Christian Rosset<\/strong>, Bern University of Applied Sciences | BFH \u00b7 Department of Agriculture Forestry, Food Science &amp; Management, Switzerland\u00a0<a href=\"mailto:christian.rosset@bfh.ch\">christian.rosset@bfh.ch<\/a>, <a href=\"https:\/\/orcid.org\/0009-0001-6284-5135\" target=\"_blank\" rel=\"noopener\">https:\/\/orcid.org\/0009-0001-6284-5135<\/a><\/p><p><strong>Dr. Miren del Rio<\/strong>, Instituto Nacional de Investigaci\u00f3n y Tecnolog\u00eda Agraria y Alimentaria | INIA \u00b7 Forest Research Center INIA-CIFOR, DR., Spain\u00a0 <a href=\"mailto:delrio@inia.es\">delrio@inia.es<\/a>, <a href=\"https:\/\/orcid.org\/0000-0001-7496-3713\" target=\"_blank\" rel=\"noopener\">https:\/\/orcid.org\/0000-0001-7496-3713<\/a><\/p><p><strong>Dr. Srdjan Keren<\/strong>, Associate Professor, Faculty of Forestry, University of Agriculture in Krakow, Poland <a href=\"mailto:srdan.keren@urk.edu.pl\">srdan.keren@urk.edu.pl<\/a>, <a href=\"https:\/\/orcid.org\/0000-0001-6589-1295\" target=\"_blank\" rel=\"noopener\">https:\/\/orcid.org\/0000-0001-6589-1295<\/a><\/p><p><strong>Brynja Hrafnkelsd\u00f3ttir<\/strong>, PhD, Icelandic Forest Service \u00b7 Icelandic Forest Research, Iceland <a href=\"mailto:brynja.hrafnkelsdottir@skogur.is\">brynja.hrafnkelsdottir@skogur.is<\/a>, <a href=\"https:\/\/orcid.org\/0000-0003-2222-0728\" target=\"_blank\" rel=\"noopener\">https:\/\/orcid.org\/0000-0003-2222-0728<\/a><\/p><p><strong>Dr. Walter Mattioli,<\/strong>\u00a0PhD, Senior Researcher, CREA Research Centre for Forestry and Wood, Rome, Italy <a href=\"mailto:walter.mattioli@crea.gov.it\">walter.mattioli@crea.gov.it<\/a>, <a href=\"https:\/\/orcid.org\/0000-0003-2107-1038\" target=\"_blank\" rel=\"noopener\">https:\/\/orcid.org\/0000-0003-2107-1038<\/a><\/p><p><strong>Muhidin \u0160eho<\/strong>, PhD, Bayerisches Amt f\u00fcr Waldgenetik, Bavarian Office for Forest Genetics (AWG), Germany <a href=\"mailto:muhidin.seho@awg.bayern.de\">muhidin.seho@awg.bayern.de<\/a>, <a href=\"https:\/\/orcid.org\/0000-0001-9926-4564\" target=\"_blank\" rel=\"noopener\">https:\/\/orcid.org\/0000-0001-9926-4564<\/a><\/p><p><strong>Dr. sc. Tomislav Dubravac<\/strong>,\u00a0Hrvatski \u0161umarski institut, Croatian Forest Research Institute, Jastrebarsko, Hrvatska <a href=\"mailto:tomod@sumins.hr\">tomod@sumins.hr<\/a>, <a href=\"https:\/\/orcid.org\/0000-0003-3133-8322\" target=\"_blank\" rel=\"noopener\">https:\/\/orcid.org\/0000-0003-3133-8322<\/a><\/p><p><strong>Dr. Toshiaki Owari<\/strong>,\u00a0Associate Professor, The University of Tokyo Hokkaido Forest Graduate School of Agricultural and Life Sciences the University of Tokyo 9-61 Yamabe-Higashimachi, Furano 079-1563, JAPAN <a href=\"mailto:owari@g.ecc.u-tokyo.ac.jp\">owari@g.ecc.u-tokyo.ac.jp<\/a>, <a href=\"https:\/\/orcid.org\/0000-0002-9227-4177\" target=\"_blank\" rel=\"noopener\">https:\/\/orcid.org\/0000-0002-9227-4177<\/a><\/p><p><strong>Prof. Dr. Wooseok Kong<\/strong>, College of Science Geography Seoul Campus, Korea\u00a0<a href=\"mailto:wskong@khu.ac.kr\">wskong@khu.ac.kr<\/a><\/p><p><strong>Prof. Dr. Temel Sariyildiz<\/strong>, Forest Engineering Department, Technical University Bursa, Turkey <a href=\"mailto:temel.sariyildiz@btu.edu.tr\">temel.sariyildiz@btu.edu.tr<\/a>, <a href=\"https:\/\/orcid.org\/0000-0003-3451-3229\" target=\"_blank\" rel=\"noopener\">https:\/\/orcid.org\/0000-0003-3451-3229<\/a><\/p><p><strong>Dr. Pavle Krsti\u0107<\/strong>, Arhitektonski Fakultet Sarajevo, University of Sarajevo, Bosnia and Herzegovina <a href=\"mailto:pavle.krstic958@gmail.com\">pavle.krstic958@gmail.com<\/a><\/p><p><strong>Dr. Jasna Avdi\u0107<\/strong>, Professor, Institut za vo\u0107arstvo i vinogradarstvo, Katedra za floristiku i pejza\u017eno oblikovanje, University of Sarajevo Bosnia and Herzegovina <a href=\"mailto:j.avdic@ppf.unsa.ba\">j.avdic@ppf.unsa.ba<\/a>, <a href=\"https:\/\/orcid.org\/0000-0002-6650-9497\" target=\"_blank\" rel=\"noopener\">https:\/\/orcid.org\/0000-0002-6650-9497<\/a><\/p><p><strong>Dr. Haris Piplas<\/strong>, Urban Design and Planning. Dr. sc. ETH Zurich, Department of Architecture, Institute of Urban and Landscape Studies Zurich, Zurich, Switzerland <a href=\"mailto:haris.piplas@gmail.com\">haris.piplas@gmail.com<\/a>, <a href=\"https:\/\/orcid.org\/0000-0002-4253-1876\" target=\"_blank\" rel=\"noopener\">https:\/\/orcid.org\/0000-0002-4253-1876<\/a><\/p><p><strong>Prof. Davide Matteo Pettenella<\/strong>, Universit\u00e0 degli Studi di Padova, \u00a0 Dipartimento Territorio e Sistemi Agro-Forestali (TESAF), Italy <a href=\"mailto:davide.pettenella@unipd.it\">davide.pettenella@unipd.it<\/a>, <a href=\"https:\/\/orcid.org\/0000-0002-7403-9560\" target=\"_blank\" rel=\"noopener\">https:\/\/orcid.org\/0000-0002-7403-9560<\/a><\/p><p><strong>Dr. \u0160pela Pezdev\u0161ek Malovrh<\/strong>, Associate Professor, Department of Forestry and Renewable Forest Resources, Chair of Forest Techniques and Economics, Ljubljana, Slovenija <a href=\"mailto:spela.pezdevsekmalovrh@bf.uni-lj.si\">spela.pezdevsekmalovrh@bf.uni-lj.si<\/a>, <a href=\"https:\/\/orcid.org\/0000-0003-2005-6194\" target=\"_blank\" rel=\"noopener\">https:\/\/orcid.org\/0000-0003-2005-6194<\/a><\/p><p><strong>Mathias Mayer, PhD<\/strong>\u00a0Swiss Federal Institute for Forest, Snow and Landscape Research WSL Zurich Switzerland\u00a0<a href=\"mailto:mathias.mayer@wsl.ch\">mathias.mayer@wsl.ch<\/a>, <a href=\"https:\/\/orcid.org\/0000-0003-4366-9188\" target=\"_blank\" rel=\"noopener\">https:\/\/orcid.org\/0000-0003-4366-9188<\/a><\/p><p><strong>Carla Sofia Ferreira, PhD<\/strong>\u00a0Stockholm University, Sweden\u00a0<a href=\"mailto:carla.ferreira@ipc.pt\">carla.ferreira@ipc.pt<\/a> <a href=\"mailto:carla.ssf@gmail.com\">carla.ssf@gmail.com<\/a>, <a href=\"https:\/\/orcid.org\/0000-0003-3709-4103\" target=\"_blank\" rel=\"noopener\">https:\/\/orcid.org\/0000-0003-3709-4103<\/a><\/p><p><strong>Dr. Ivana Zivojinovic,<\/strong>\u00a0Senior Researcher \u2013 Institute of Forest, Environmental and Natural Resource Policy, University of Natural Resources and Life Sciences, Vienna, Austria <a href=\"mailto:ivana.zivojinovic@boku.ac.at\">ivana.zivojinovic@boku.ac.at<\/a>, <a href=\"https:\/\/orcid.org\/0000-0001-9900-7066\" target=\"_blank\" rel=\"noopener\">https:\/\/orcid.org\/0000-0001-9900-7066<\/a><\/p><p><strong>Dr. Marko Lovri\u0107<\/strong>, Senior Researcher, EFI, Bioeconomy Programme, Climate-Smart Forestry, Joensuu, Finland <a href=\"mailto:marko.lovric@efi.int\">marko.lovric@efi.int<\/a>, <a href=\"https:\/\/orcid.org\/0000-0002-7729-4743\" target=\"_blank\" rel=\"noopener\">https:\/\/orcid.org\/0000-0002-7729-4743<\/a><\/p><\/div>\t\t\t\t\t\t\t\t<\/div>\n\t\t\t\t<\/div>\n\t\t\t\t\t<\/div>\n\t\t<\/div>\n\t\t\t\t<div class=\"elementor-column elementor-col-50 elementor-top-column elementor-element elementor-element-79dc6d4 elementor-hidden-tablet elementor-hidden-mobile\" data-id=\"79dc6d4\" data-element_type=\"column\">\n\t\t\t<div class=\"elementor-widget-wrap elementor-element-populated\">\n\t\t\t\t\t\t<div class=\"elementor-element elementor-element-6192425 elementor-widget elementor-widget-heading\" data-id=\"6192425\" data-element_type=\"widget\" data-widget_type=\"heading.default\">\n\t\t\t\t<div class=\"elementor-widget-container\">\n\t\t\t\t\t<h2 class=\"elementor-heading-title elementor-size-default\">Latest issue<\/h2>\t\t\t\t<\/div>\n\t\t\t\t<\/div>\n\t\t\t\t<div class=\"elementor-element elementor-element-58477e8 elementor-widget elementor-widget-jet-listing-grid\" data-id=\"58477e8\" data-element_type=\"widget\" data-settings=\"{&quot;columns&quot;:&quot;1&quot;}\" data-widget_type=\"jet-listing-grid.default\">\n\t\t\t\t<div class=\"elementor-widget-container\">\n\t\t\t\t\t<div class=\"jet-listing-grid jet-listing\"><div class=\"jet-listing-grid__items grid-col-desk-1 grid-col-tablet-1 grid-col-mobile-1 jet-listing-grid--889\" data-queried-id=\"1009|WP_Post\" data-nav=\"{&quot;enabled&quot;:false,&quot;type&quot;:null,&quot;more_el&quot;:null,&quot;query&quot;:[],&quot;widget_settings&quot;:{&quot;lisitng_id&quot;:889,&quot;posts_num&quot;:1,&quot;columns&quot;:1,&quot;columns_tablet&quot;:1,&quot;columns_mobile&quot;:1,&quot;column_min_width&quot;:240,&quot;column_min_width_tablet&quot;:240,&quot;column_min_width_mobile&quot;:240,&quot;inline_columns_css&quot;:false,&quot;is_archive_template&quot;:&quot;&quot;,&quot;post_status&quot;:[&quot;publish&quot;],&quot;use_random_posts_num&quot;:&quot;&quot;,&quot;max_posts_num&quot;:9,&quot;not_found_message&quot;:&quot;No data was found&quot;,&quot;is_masonry&quot;:false,&quot;equal_columns_height&quot;:&quot;&quot;,&quot;use_load_more&quot;:&quot;&quot;,&quot;load_more_id&quot;:&quot;&quot;,&quot;load_more_type&quot;:&quot;click&quot;,&quot;load_more_offset&quot;:{&quot;unit&quot;:&quot;px&quot;,&quot;size&quot;:0,&quot;sizes&quot;:[]},&quot;use_custom_post_types&quot;:&quot;&quot;,&quot;custom_post_types&quot;:[],&quot;hide_widget_if&quot;:&quot;&quot;,&quot;carousel_enabled&quot;:&quot;&quot;,&quot;slides_to_scroll&quot;:&quot;1&quot;,&quot;arrows&quot;:&quot;true&quot;,&quot;arrow_icon&quot;:&quot;fa fa-angle-left&quot;,&quot;dots&quot;:&quot;&quot;,&quot;autoplay&quot;:&quot;true&quot;,&quot;pause_on_hover&quot;:&quot;true&quot;,&quot;autoplay_speed&quot;:5000,&quot;infinite&quot;:&quot;true&quot;,&quot;center_mode&quot;:&quot;&quot;,&quot;effect&quot;:&quot;slide&quot;,&quot;speed&quot;:500,&quot;inject_alternative_items&quot;:&quot;&quot;,&quot;injection_items&quot;:[],&quot;scroll_slider_enabled&quot;:&quot;&quot;,&quot;scroll_slider_on&quot;:[&quot;desktop&quot;,&quot;tablet&quot;,&quot;mobile&quot;],&quot;custom_query&quot;:false,&quot;custom_query_id&quot;:&quot;&quot;,&quot;_element_id&quot;:&quot;&quot;,&quot;collapse_first_last_gap&quot;:false,&quot;list_tag_selection&quot;:&quot;&quot;,&quot;list_items_wrapper_tag&quot;:&quot;div&quot;,&quot;list_item_tag&quot;:&quot;div&quot;,&quot;empty_items_wrapper_tag&quot;:&quot;div&quot;}}\" data-page=\"1\" data-pages=\"1\" data-listing-source=\"rest_api_endpoint\" data-listing-id=\"889\" data-query-id=\"\"><div class=\"jet-listing-grid__item jet-listing-dynamic-post-0\" data-post-id=\"0\"  >\t\t<div data-elementor-type=\"jet-listing-items\" data-elementor-id=\"889\" class=\"elementor elementor-889\" data-elementor-post-type=\"jet-engine\">\n\t\t\t\t\t\t<section class=\"elementor-section elementor-top-section elementor-element elementor-element-8d93565 elementor-section-boxed elementor-section-height-default elementor-section-height-default\" data-id=\"8d93565\" data-element_type=\"section\">\n\t\t\t\t\t\t<div class=\"elementor-container elementor-column-gap-no\">\n\t\t\t\t\t<div class=\"elementor-column elementor-col-100 elementor-top-column elementor-element elementor-element-6299a4c\" data-id=\"6299a4c\" data-element_type=\"column\">\n\t\t\t<div class=\"elementor-widget-wrap elementor-element-populated\">\n\t\t\t\t\t\t<div class=\"elementor-element elementor-element-835491e elementor-widget elementor-widget-image\" data-id=\"835491e\" data-element_type=\"widget\" data-widget_type=\"image.default\">\n\t\t\t\t<div class=\"elementor-widget-container\">\n\t\t\t\t\t\t\t\t\t\t\t\t\t\t\t\t<a href=\"https:\/\/radovi.sfsa.unsa.ba\/ojs\/index.php\/rsf\/issue\/view\/138\">\n\t\t\t\t\t\t\t<img decoding=\"async\" src=\"https:\/\/radovi.sfsa.unsa.ba\/ojs\/public\/journals\/1\/cover_issue_138_bs_BA.jpg\" title=\"\" alt=\"\" loading=\"lazy\" \/>\t\t\t\t\t\t\t\t<\/a>\n\t\t\t\t\t\t\t\t\t\t\t\t\t\t\t<\/div>\n\t\t\t\t<\/div>\n\t\t\t\t<section class=\"elementor-section elementor-inner-section elementor-element elementor-element-fe2e10c elementor-section-boxed elementor-section-height-default elementor-section-height-default\" data-id=\"fe2e10c\" data-element_type=\"section\">\n\t\t\t\t\t\t<div class=\"elementor-container elementor-column-gap-no\">\n\t\t\t\t\t<div class=\"elementor-column elementor-col-100 elementor-inner-column elementor-element elementor-element-4a617eb\" data-id=\"4a617eb\" data-element_type=\"column\">\n\t\t\t<div class=\"elementor-widget-wrap elementor-element-populated\">\n\t\t\t\t\t\t<div class=\"elementor-element elementor-element-242ab40 elementor-widget__width-auto elementor-widget elementor-widget-heading\" data-id=\"242ab40\" data-element_type=\"widget\" data-widget_type=\"heading.default\">\n\t\t\t\t<div class=\"elementor-widget-container\">\n\t\t\t\t\t<h2 class=\"elementor-heading-title elementor-size-default\">Volume 55,<\/h2>\t\t\t\t<\/div>\n\t\t\t\t<\/div>\n\t\t\t\t<div class=\"elementor-element elementor-element-6ca0096 elementor-widget__width-auto elementor-widget elementor-widget-heading\" data-id=\"6ca0096\" data-element_type=\"widget\" data-widget_type=\"heading.default\">\n\t\t\t\t<div class=\"elementor-widget-container\">\n\t\t\t\t\t<h2 class=\"elementor-heading-title elementor-size-default\">Issue 2,<\/h2>\t\t\t\t<\/div>\n\t\t\t\t<\/div>\n\t\t\t\t<div class=\"elementor-element elementor-element-4b46473 elementor-widget__width-auto elementor-widget elementor-widget-heading\" data-id=\"4b46473\" data-element_type=\"widget\" data-widget_type=\"heading.default\">\n\t\t\t\t<div class=\"elementor-widget-container\">\n\t\t\t\t\t<h2 class=\"elementor-heading-title elementor-size-default\">2025<\/h2>\t\t\t\t<\/div>\n\t\t\t\t<\/div>\n\t\t\t\t\t<\/div>\n\t\t<\/div>\n\t\t\t\t\t<\/div>\n\t\t<\/section>\n\t\t\t\t\t<\/div>\n\t\t<\/div>\n\t\t\t\t\t<\/div>\n\t\t<\/section>\n\t\t\t\t<\/div>\n\t\t<\/div><\/div><\/div>\t\t\t\t<\/div>\n\t\t\t\t<\/div>\n\t\t\t\t\t<\/div>\n\t\t<\/div>\n\t\t\t\t\t<\/div>\n\t\t<\/section>\n\t\t\t\t<\/div>","protected":false},"excerpt":{"rendered":"<p>Redakcija Editor-in-Chief \/ Glavni urednik Prof.dr.\u00a0Admir Avdagi\u0107,\u00a0University of Sarajevo Faculty of Forestry, Bosnia and Herzegovina a.avdagic@sfsa.unsa.ba,\u00a0https:\/\/orcid.org\/0000-0001-5866-6946 Deputy Editor-in-Chief \/ Zamjenik glavnog urednika doc. dr. Jelena Kne\u017eevi\u0107, University of Sarajevo Faculty of Forestry, Bosnia and Herzegovina j.knezevic@sfsa.unsa.ba, https:\/\/orcid.org\/0000-0001-5548-512X Technical Editor \/ Tehni\u010dki urednik Sa\u0161a Kunovac,\u00a0University of Sarajevo Faculty of Forestry, Bosnia and Herzegovina s.kunovac@sfsa.unsa.ba,\u00a0 https:\/\/orcid.org\/0000-0002-0224-0564 Chairman [&hellip;]<\/p>","protected":false},"author":1,"featured_media":0,"parent":0,"menu_order":0,"comment_status":"closed","ping_status":"closed","template":"","meta":{"footnotes":""},"class_list":["post-1009","page","type-page","status-publish","hentry"],"_links":{"self":[{"href":"https:\/\/radovi.sfsa.unsa.ba\/en\/wp-json\/wp\/v2\/pages\/1009","targetHints":{"allow":["GET"]}}],"collection":[{"href":"https:\/\/radovi.sfsa.unsa.ba\/en\/wp-json\/wp\/v2\/pages"}],"about":[{"href":"https:\/\/radovi.sfsa.unsa.ba\/en\/wp-json\/wp\/v2\/types\/page"}],"author":[{"embeddable":true,"href":"https:\/\/radovi.sfsa.unsa.ba\/en\/wp-json\/wp\/v2\/users\/1"}],"replies":[{"embeddable":true,"href":"https:\/\/radovi.sfsa.unsa.ba\/en\/wp-json\/wp\/v2\/comments?post=1009"}],"version-history":[{"count":83,"href":"https:\/\/radovi.sfsa.unsa.ba\/en\/wp-json\/wp\/v2\/pages\/1009\/revisions"}],"predecessor-version":[{"id":2551,"href":"https:\/\/radovi.sfsa.unsa.ba\/en\/wp-json\/wp\/v2\/pages\/1009\/revisions\/2551"}],"wp:attachment":[{"href":"https:\/\/radovi.sfsa.unsa.ba\/en\/wp-json\/wp\/v2\/media?parent=1009"}],"curies":[{"name":"wp","href":"https:\/\/api.w.org\/{rel}","templated":true}]}}