{"id":2441,"date":"2024-05-22T15:56:37","date_gmt":"2024-05-22T13:56:37","guid":{"rendered":"https:\/\/radovi.sfsa.unsa.ba\/?page_id=2441"},"modified":"2024-07-08T10:57:18","modified_gmt":"2024-07-08T08:57:18","slug":"procedura-objavljivanja","status":"publish","type":"page","link":"https:\/\/radovi.sfsa.unsa.ba\/en\/procedura-objavljivanja\/","title":{"rendered":"Publishing procedure"},"content":{"rendered":"<div data-elementor-type=\"wp-page\" data-elementor-id=\"2441\" class=\"elementor elementor-2441\" data-elementor-post-type=\"page\">\n\t\t\t\t\t\t<section class=\"elementor-section elementor-top-section elementor-element elementor-element-fb508af elementor-section-boxed elementor-section-height-default elementor-section-height-default\" data-id=\"fb508af\" data-element_type=\"section\">\n\t\t\t\t\t\t<div class=\"elementor-container elementor-column-gap-no\">\n\t\t\t\t\t<div class=\"elementor-column elementor-col-100 elementor-top-column elementor-element elementor-element-71343a5\" data-id=\"71343a5\" data-element_type=\"column\">\n\t\t\t<div class=\"elementor-widget-wrap elementor-element-populated\">\n\t\t\t\t\t\t<div class=\"elementor-element elementor-element-d652f0b elementor-widget elementor-widget-shortcode\" data-id=\"d652f0b\" data-element_type=\"widget\" data-widget_type=\"shortcode.default\">\n\t\t\t\t<div class=\"elementor-widget-container\">\n\t\t\t\t\t\t\t<div class=\"elementor-shortcode\"><nav aria-label=\"breadcrumbs\" class=\"rank-math-breadcrumb\"><p><span class=\"last\">Home page<\/span><\/p><\/nav><\/div>\n\t\t\t\t\t\t<\/div>\n\t\t\t\t<\/div>\n\t\t\t\t\t<\/div>\n\t\t<\/div>\n\t\t\t\t\t<\/div>\n\t\t<\/section>\n\t\t\t\t<section class=\"elementor-section elementor-top-section elementor-element elementor-element-bc06bbd elementor-section-boxed elementor-section-height-default elementor-section-height-default\" data-id=\"bc06bbd\" data-element_type=\"section\">\n\t\t\t\t\t\t<div class=\"elementor-container elementor-column-gap-default\">\n\t\t\t\t\t<div class=\"elementor-column elementor-col-50 elementor-top-column elementor-element elementor-element-5a0fecc\" data-id=\"5a0fecc\" data-element_type=\"column\" data-settings=\"{&quot;background_background&quot;:&quot;classic&quot;}\">\n\t\t\t<div class=\"elementor-widget-wrap elementor-element-populated\">\n\t\t\t\t\t\t<div class=\"elementor-element elementor-element-d65c726 elementor-widget elementor-widget-heading\" data-id=\"d65c726\" data-element_type=\"widget\" data-widget_type=\"heading.default\">\n\t\t\t\t<div class=\"elementor-widget-container\">\n\t\t\t\t\t<h1 class=\"elementor-heading-title elementor-size-default\">Publishing procedure<\/h1>\t\t\t\t<\/div>\n\t\t\t\t<\/div>\n\t\t\t\t<div class=\"elementor-element elementor-element-6245add elementor-widget elementor-widget-text-editor\" data-id=\"6245add\" data-element_type=\"widget\" data-no-translation=\"\" data-widget_type=\"text-editor.default\">\n\t\t\t\t<div class=\"elementor-widget-container\">\n\t\t\t\t\t<style>.elementor-element-6245add{display:none !important}<\/style>\t\t\t\t<\/div>\n\t\t\t\t<\/div>\n\t\t\t\t<div class=\"elementor-element elementor-element-206df92 elementor-widget elementor-widget-text-editor\" data-id=\"206df92\" data-element_type=\"widget\" data-no-translation=\"\" data-widget_type=\"text-editor.default\">\n\t\t\t\t<div class=\"elementor-widget-container\">\n\t\t\t\t\t\t\t\t\t<p><strong>Publishing procedure <\/strong><\/p><p><em>Radovi \u0160umarskog fakulteta Univerziteta u Sarajevu<\/em> (ISSN: 1512-5769 E-ISSN: 2490-3183) is international the research and professional journal published on behalf of the Faculty of Forestry.<\/p><p>Journal is open access and peer-reviewed and doesn\u2019t charge any fee for publishing and processing or downloading its contest. \u00a0All processing and publication costs are covered by Faculty of Forestry University Sarajevo.<\/p><p>It is published twice a year and open to papers covering various aspects of forestry, horticulture, urban forestry, ecology, nature preservation, wildlife management, and related disciplines.<\/p><p>\u00a0<\/p><p>The main steps of the publishing procedure and the editorial process in the Journal are:<\/p><p><strong>Preparing the Manuscript<\/strong><\/p><p>Before preparing the manuscript please read the journal's Aims and Scope to have an overview and to assess the contents of your manuscript within the scope of the Journal.<\/p><p>For more information, you may also read the journal\u2019s Publication Ethics. Prepare your manuscript according to the Guidelines for Authors. You may also like to use the Manuscript Template for formatting and preparing the manuscript.<\/p><p>Submitting the Manuscript<\/p><p>Manuscripts should be submitted electronically by following the Manuscript Submission hyperlink. The entire submission and editorial process is carried out by using the Open Journal System and the appropriate on-line forms.<\/p><p>Also it is possible to send paper by email to official email address radovi@sfsa.unsa.ba<\/p><p>Authors must fill up a COVER LETTER (which can be found in section FOR AUTHORS) with all necessary data.<\/p><p>\u00a0<\/p><p><strong>Initial Editorial Evaluation<\/strong><\/p><p>The editorial office makes the initial evaluation of the submitted manuscript, aiming to assess its suitability for the journal. If the manuscript is correctly prepared (Guidelines for Authors) and if its contents fit the scope of the journal, the manuscript undergoes a double-blind peer review process.<\/p><p><strong>Double-Blind Peer Review Process<\/strong><\/p><p>All submitted manuscripts fitting within the Journal\u2019s scope are undergoing a double-blind peer review process, where authors and reviewers are mutually unknown. Manuscripts are internationally reviewed by at least two reviewers, experts in the field of the manuscript's topic.<\/p><p>Upon receiving and considering the reviewers&#8217; reports, the editor will send a letter of response to the corresponding author.<\/p><p>If the editor's response calls for a revision, a revised manuscript should be sent to the editorial office in one month.<\/p><p>The revised versions of manuscripts submitted more than one month after the editor\u2019s response will be treated as new submissions.<\/p><p>The revised manuscript may be sent for the second round of reviewing that is usually done by the same reviewers as the first round.<\/p><p>The Editor-in-Chief or the Managing Editor in collaboration with the Editor-in-Chief makes the final decision on the manuscript's publication. The authors will be informed about the final decision.<\/p><p>Average time of manuscript process:<\/p><ul><li>Initial evaluation of manuscript approx. 2 weeks<\/li><li>Review process approx. 2 months<\/li><li>Plagiarism process and lecturer\u2019s corrections approx. 3 weeks<\/li><li>Publication &#8211; text preparing and preparation for printing and publication \u2013 1 month<\/li><\/ul><p>\u00a0<\/p><p><strong>Publication<\/strong><\/p><p>All articles, once the review process is completed, will be published online before the print editions as FIRST ONLINE.<\/p><p>As far as accepted and prepared in the final format, the papers are published online and may be assessed within the Early View section\/Upcoming issue.<\/p><p>\u00a0<\/p><p><strong>Copyright<\/strong><\/p><p>Authors are required to agree to the Copyright Notice as a part of the submission process.<\/p><p>Unless otherwise noted, the Publishers retain the copyright on all papers published in the Journal (whether in print or electronic form), but allow anyone to download, reuse, reprint, distribute or copy them, as long as the original author and title are properly cited.<\/p><p>The Journal <em>Radovi \u0160umarskog fakulteta Univerziteta u Sarajevu <\/em>does <strong><u>not charge any fee<\/u><\/strong> .Works of<\/p><p>Faculty of Forestry University of Sarajevo is an Open Access journal and allows reuse of contents in accordance with a Creative Commons 4.0 licence (CC BY).<\/p><p>For more information about the license, please visit creativecommons.org.<\/p>\t\t\t\t\t\t\t\t<\/div>\n\t\t\t\t<\/div>\n\t\t\t\t\t<\/div>\n\t\t<\/div>\n\t\t\t\t<div class=\"elementor-column elementor-col-50 elementor-top-column elementor-element elementor-element-ca1a791 elementor-hidden-tablet elementor-hidden-mobile\" data-id=\"ca1a791\" data-element_type=\"column\">\n\t\t\t<div class=\"elementor-widget-wrap elementor-element-populated\">\n\t\t\t\t\t\t<div class=\"elementor-element elementor-element-e1cb461 elementor-widget elementor-widget-heading\" data-id=\"e1cb461\" data-element_type=\"widget\" data-widget_type=\"heading.default\">\n\t\t\t\t<div class=\"elementor-widget-container\">\n\t\t\t\t\t<h2 class=\"elementor-heading-title elementor-size-default\">Latest issue<\/h2>\t\t\t\t<\/div>\n\t\t\t\t<\/div>\n\t\t\t\t<div class=\"elementor-element elementor-element-3107483 elementor-widget elementor-widget-jet-listing-grid\" data-id=\"3107483\" data-element_type=\"widget\" data-settings=\"{&quot;columns&quot;:&quot;1&quot;}\" data-widget_type=\"jet-listing-grid.default\">\n\t\t\t\t<div class=\"elementor-widget-container\">\n\t\t\t\t\t<div class=\"jet-listing-grid jet-listing\"><div class=\"jet-listing-grid__items grid-col-desk-1 grid-col-tablet-1 grid-col-mobile-1 jet-listing-grid--889\" data-queried-id=\"2441|WP_Post\" data-nav=\"{&quot;enabled&quot;:false,&quot;type&quot;:null,&quot;more_el&quot;:null,&quot;query&quot;:[],&quot;widget_settings&quot;:{&quot;lisitng_id&quot;:889,&quot;posts_num&quot;:1,&quot;columns&quot;:1,&quot;columns_tablet&quot;:1,&quot;columns_mobile&quot;:1,&quot;column_min_width&quot;:240,&quot;column_min_width_tablet&quot;:240,&quot;column_min_width_mobile&quot;:240,&quot;inline_columns_css&quot;:false,&quot;is_archive_template&quot;:&quot;&quot;,&quot;post_status&quot;:[&quot;publish&quot;],&quot;use_random_posts_num&quot;:&quot;&quot;,&quot;max_posts_num&quot;:9,&quot;not_found_message&quot;:&quot;No data was found&quot;,&quot;is_masonry&quot;:false,&quot;equal_columns_height&quot;:&quot;&quot;,&quot;use_load_more&quot;:&quot;&quot;,&quot;load_more_id&quot;:&quot;&quot;,&quot;load_more_type&quot;:&quot;click&quot;,&quot;load_more_offset&quot;:{&quot;unit&quot;:&quot;px&quot;,&quot;size&quot;:0,&quot;sizes&quot;:[]},&quot;use_custom_post_types&quot;:&quot;&quot;,&quot;custom_post_types&quot;:[],&quot;hide_widget_if&quot;:&quot;&quot;,&quot;carousel_enabled&quot;:&quot;&quot;,&quot;slides_to_scroll&quot;:&quot;1&quot;,&quot;arrows&quot;:&quot;true&quot;,&quot;arrow_icon&quot;:&quot;fa fa-angle-left&quot;,&quot;dots&quot;:&quot;&quot;,&quot;autoplay&quot;:&quot;true&quot;,&quot;pause_on_hover&quot;:&quot;true&quot;,&quot;autoplay_speed&quot;:5000,&quot;infinite&quot;:&quot;true&quot;,&quot;center_mode&quot;:&quot;&quot;,&quot;effect&quot;:&quot;slide&quot;,&quot;speed&quot;:500,&quot;inject_alternative_items&quot;:&quot;&quot;,&quot;injection_items&quot;:[],&quot;scroll_slider_enabled&quot;:&quot;&quot;,&quot;scroll_slider_on&quot;:[&quot;desktop&quot;,&quot;tablet&quot;,&quot;mobile&quot;],&quot;custom_query&quot;:false,&quot;custom_query_id&quot;:&quot;&quot;,&quot;_element_id&quot;:&quot;&quot;,&quot;collapse_first_last_gap&quot;:false,&quot;list_tag_selection&quot;:&quot;&quot;,&quot;list_items_wrapper_tag&quot;:&quot;div&quot;,&quot;list_item_tag&quot;:&quot;div&quot;,&quot;empty_items_wrapper_tag&quot;:&quot;div&quot;}}\" data-page=\"1\" data-pages=\"1\" data-listing-source=\"rest_api_endpoint\" data-listing-id=\"889\" data-query-id=\"\"><div class=\"jet-listing-grid__item jet-listing-dynamic-post-0\" data-post-id=\"0\"  >\t\t<div data-elementor-type=\"jet-listing-items\" data-elementor-id=\"889\" class=\"elementor elementor-889\" data-elementor-post-type=\"jet-engine\">\n\t\t\t\t\t\t<section class=\"elementor-section elementor-top-section elementor-element elementor-element-8d93565 elementor-section-boxed elementor-section-height-default elementor-section-height-default\" data-id=\"8d93565\" data-element_type=\"section\">\n\t\t\t\t\t\t<div class=\"elementor-container elementor-column-gap-no\">\n\t\t\t\t\t<div class=\"elementor-column elementor-col-100 elementor-top-column elementor-element elementor-element-6299a4c\" data-id=\"6299a4c\" data-element_type=\"column\">\n\t\t\t<div class=\"elementor-widget-wrap elementor-element-populated\">\n\t\t\t\t\t\t<div class=\"elementor-element elementor-element-835491e elementor-widget elementor-widget-image\" data-id=\"835491e\" data-element_type=\"widget\" data-widget_type=\"image.default\">\n\t\t\t\t<div class=\"elementor-widget-container\">\n\t\t\t\t\t\t\t\t\t\t\t\t\t\t\t\t<a href=\"https:\/\/radovi.sfsa.unsa.ba\/ojs\/index.php\/rsf\/issue\/view\/138\">\n\t\t\t\t\t\t\t<img decoding=\"async\" src=\"https:\/\/radovi.sfsa.unsa.ba\/ojs\/public\/journals\/1\/cover_issue_138_bs_BA.jpg\" title=\"\" alt=\"\" loading=\"lazy\" \/>\t\t\t\t\t\t\t\t<\/a>\n\t\t\t\t\t\t\t\t\t\t\t\t\t\t\t<\/div>\n\t\t\t\t<\/div>\n\t\t\t\t<section class=\"elementor-section elementor-inner-section elementor-element elementor-element-fe2e10c elementor-section-boxed elementor-section-height-default elementor-section-height-default\" data-id=\"fe2e10c\" data-element_type=\"section\">\n\t\t\t\t\t\t<div class=\"elementor-container elementor-column-gap-no\">\n\t\t\t\t\t<div class=\"elementor-column elementor-col-100 elementor-inner-column elementor-element elementor-element-4a617eb\" data-id=\"4a617eb\" data-element_type=\"column\">\n\t\t\t<div class=\"elementor-widget-wrap elementor-element-populated\">\n\t\t\t\t\t\t<div class=\"elementor-element elementor-element-242ab40 elementor-widget__width-auto elementor-widget elementor-widget-heading\" data-id=\"242ab40\" data-element_type=\"widget\" data-widget_type=\"heading.default\">\n\t\t\t\t<div class=\"elementor-widget-container\">\n\t\t\t\t\t<h2 class=\"elementor-heading-title elementor-size-default\">Volume 55,<\/h2>\t\t\t\t<\/div>\n\t\t\t\t<\/div>\n\t\t\t\t<div class=\"elementor-element elementor-element-6ca0096 elementor-widget__width-auto elementor-widget elementor-widget-heading\" data-id=\"6ca0096\" data-element_type=\"widget\" data-widget_type=\"heading.default\">\n\t\t\t\t<div class=\"elementor-widget-container\">\n\t\t\t\t\t<h2 class=\"elementor-heading-title elementor-size-default\">Issue 2,<\/h2>\t\t\t\t<\/div>\n\t\t\t\t<\/div>\n\t\t\t\t<div class=\"elementor-element elementor-element-4b46473 elementor-widget__width-auto elementor-widget elementor-widget-heading\" data-id=\"4b46473\" data-element_type=\"widget\" data-widget_type=\"heading.default\">\n\t\t\t\t<div class=\"elementor-widget-container\">\n\t\t\t\t\t<h2 class=\"elementor-heading-title elementor-size-default\">2025<\/h2>\t\t\t\t<\/div>\n\t\t\t\t<\/div>\n\t\t\t\t\t<\/div>\n\t\t<\/div>\n\t\t\t\t\t<\/div>\n\t\t<\/section>\n\t\t\t\t\t<\/div>\n\t\t<\/div>\n\t\t\t\t\t<\/div>\n\t\t<\/section>\n\t\t\t\t<\/div>\n\t\t<\/div><\/div><\/div>\t\t\t\t<\/div>\n\t\t\t\t<\/div>\n\t\t\t\t\t<\/div>\n\t\t<\/div>\n\t\t\t\t\t<\/div>\n\t\t<\/section>\n\t\t\t\t<\/div>","protected":false},"excerpt":{"rendered":"<p>Procedura objavljivanja Procedura objavljivanja Radovi \u0160umarskog fakulteta Univerziteta u Sarajevu (ISSN: 1512-5769 E-ISSN: 2490-3183) je me\u0111unarodni istra\u017eiva\u010dki i stru\u010dni \u010dasopis koji se izdaje u ime \u0160umarskog fakulteta. \u010casopis je otvorenog pristupa i recenziran. \u010casopis ne napla\u0107uje nikakvu naknadu za objavljivanje i obradu ili preuzimanje svog sadr\u017eaja. Sve tro\u0161kove obrade i izdavanja snosi Univerzitet u Sarajevu [&hellip;]<\/p>","protected":false},"author":2,"featured_media":0,"parent":0,"menu_order":0,"comment_status":"closed","ping_status":"closed","template":"","meta":{"footnotes":""},"class_list":["post-2441","page","type-page","status-publish","hentry"],"_links":{"self":[{"href":"https:\/\/radovi.sfsa.unsa.ba\/en\/wp-json\/wp\/v2\/pages\/2441","targetHints":{"allow":["GET"]}}],"collection":[{"href":"https:\/\/radovi.sfsa.unsa.ba\/en\/wp-json\/wp\/v2\/pages"}],"about":[{"href":"https:\/\/radovi.sfsa.unsa.ba\/en\/wp-json\/wp\/v2\/types\/page"}],"author":[{"embeddable":true,"href":"https:\/\/radovi.sfsa.unsa.ba\/en\/wp-json\/wp\/v2\/users\/2"}],"replies":[{"embeddable":true,"href":"https:\/\/radovi.sfsa.unsa.ba\/en\/wp-json\/wp\/v2\/comments?post=2441"}],"version-history":[{"count":13,"href":"https:\/\/radovi.sfsa.unsa.ba\/en\/wp-json\/wp\/v2\/pages\/2441\/revisions"}],"predecessor-version":[{"id":2487,"href":"https:\/\/radovi.sfsa.unsa.ba\/en\/wp-json\/wp\/v2\/pages\/2441\/revisions\/2487"}],"wp:attachment":[{"href":"https:\/\/radovi.sfsa.unsa.ba\/en\/wp-json\/wp\/v2\/media?parent=2441"}],"curies":[{"name":"wp","href":"https:\/\/api.w.org\/{rel}","templated":true}]}}